{"id":66,"date":"2018-01-15T08:57:30","date_gmt":"2018-01-15T08:57:30","guid":{"rendered":"https:\/\/iatour.org\/?page_id=66"},"modified":"2026-04-03T09:00:11","modified_gmt":"2026-04-03T06:00:11","slug":"committees","status":"publish","type":"page","link":"https:\/\/iatour.org\/icot2026\/committees\/","title":{"rendered":"Committees"},"content":{"rendered":"<p><u>Chair<\/u><\/p>\n<ul>\n<li>Konstantinos Andriotis, Hellenic Open University, Greece<\/li>\n<li>Thanasis Kizos, University of the Aegean, Greece<\/li>\n<\/ul>\n<p><u>Social Media Administrator<\/u><\/p>\n<ul>\n<li>Mahmoud Saleh, Helwan University, Egypt<\/li>\n<\/ul>\n<p><u>Scientific Committee<\/u><\/p>\n<ul>\n<li>Carla Pinto Cardoso, Catholic University of Portugal, Portugal<\/li>\n<li>Samantha Chaperon, University of Greenwich, United Kingdom<\/li>\n<li>Ana Margarida Ferreira da Silva, University of Aveiro, Portugal<\/li>\n<li>Martin Fontanari, ISM &#8211; International School of Management, Germany<\/li>\n<li>V. G. Girish, The Catholic University of Korea, South Korea<\/li>\n<li>Ahmed Hammad,\u00a0University of Plymouth, United Kingdom<\/li>\n<li>Eva Hagsten, S\u00f6dert\u00f6rn University, Sweden<\/li>\n<li>Matias Thuen J\u00f8rgensen,\u00a0Roskilde University, Denmark<\/li>\n<li>Sebastian Kaiser, Heilbronn University, Germany<\/li>\n<li>Sofia Karampela, Aristotle University of Thessaloniki, Greece<\/li>\n<li>Babalwa Mgxekwa-Qumba, North-West University, South Africa<\/li>\n<li>Naoum Mylonas, Ionian University, Greece<\/li>\n<li>Pavlos Paraskevaidis, Agricultural University of Athens, Greece<\/li>\n<li>Christof Pforr, Curtin University, Australia<\/li>\n<li>Mahmoud Saleh, Helwan University, Egypt<\/li>\n<li>Marival Segarra-O\u00f1a, Universitat Politecnica de Valencia, Spain<\/li>\n<li>Ioana Stoica, University of Bedfordshire, United Kingdom<\/li>\n<li>Dimitrios Stylidis, Democritus University of Thrace, Greece<\/li>\n<li>Matina Terzidou, Middlesex University, United Kingdom<\/li>\n<li>Anastasia Traskevich, Belarus State Economic University, Belarus<\/li>\n<li>Micha\u0142 \u017bem\u0142a, Jagiellonian University in Krak\u00f3w, Poland<\/li>\n<\/ul>\n<p><u>Organizing Committee<\/u><\/p>\n<ul>\n<li>Konstantinos Andriotis, Hellenic Open University, Greece<\/li>\n<li>Sofia Karampela, Aristotle University of Thessaloniki, Greece<\/li>\n<li>Pavlos Paraskevaidis, Agricultural University of Athens, Greece<\/li>\n<li>Mahmoud Saleh, Helwan University, Egypt<\/li>\n<li>Savvas Sakkadas, Cyprus University of Technology, Cyprus<\/li>\n<li>Dimitrios Stylidis, Democritus University of Thrace, Greece<\/li>\n<\/ul>\n","protected":false},"excerpt":{"rendered":"<p>Chair Konstantinos Andriotis, Hellenic Open University, Greece Thanasis Kizos, University of the Aegean, Greece Social Media Administrator Mahmoud Saleh, Helwan University, Egypt Scientific Committee Carla Pinto Cardoso, Catholic University of Portugal, Portugal Samantha Chaperon, University of Greenwich, United Kingdom Ana&hellip; <\/p>\n","protected":false},"author":1,"featured_media":0,"parent":0,"menu_order":0,"comment_status":"closed","ping_status":"closed","template":"","meta":{"footnotes":""},"class_list":["post-66","page","type-page","status-publish","hentry"],"_links":{"self":[{"href":"https:\/\/iatour.org\/icot2026\/wp-json\/wp\/v2\/pages\/66","targetHints":{"allow":["GET"]}}],"collection":[{"href":"https:\/\/iatour.org\/icot2026\/wp-json\/wp\/v2\/pages"}],"about":[{"href":"https:\/\/iatour.org\/icot2026\/wp-json\/wp\/v2\/types\/page"}],"author":[{"embeddable":true,"href":"https:\/\/iatour.org\/icot2026\/wp-json\/wp\/v2\/users\/1"}],"replies":[{"embeddable":true,"href":"https:\/\/iatour.org\/icot2026\/wp-json\/wp\/v2\/comments?post=66"}],"version-history":[{"count":121,"href":"https:\/\/iatour.org\/icot2026\/wp-json\/wp\/v2\/pages\/66\/revisions"}],"predecessor-version":[{"id":2167,"href":"https:\/\/iatour.org\/icot2026\/wp-json\/wp\/v2\/pages\/66\/revisions\/2167"}],"wp:attachment":[{"href":"https:\/\/iatour.org\/icot2026\/wp-json\/wp\/v2\/media?parent=66"}],"curies":[{"name":"wp","href":"https:\/\/api.w.org\/{rel}","templated":true}]}}