{"id":66,"date":"2018-01-15T08:57:30","date_gmt":"2018-01-15T08:57:30","guid":{"rendered":"https:\/\/iatour.org\/?page_id=66"},"modified":"2024-06-14T05:35:29","modified_gmt":"2024-06-14T05:35:29","slug":"committees","status":"publish","type":"page","link":"https:\/\/iatour.org\/icot2024\/committees\/","title":{"rendered":"Committees"},"content":{"rendered":"<p><u>Chair<\/u><\/p>\n<ul>\n<li>Konstantinos Andriotis, Middlesex University London, UK<\/li>\n<li>Naoum Mylonas, Ionian University, Greece<\/li>\n<\/ul>\n<p><u>Vice-Chair<\/u><\/p>\n<ul>\n<li>Konstantinos Voglis, Ionian University, Greece<\/li>\n<\/ul>\n<p><u>Social Media Administrator<\/u><\/p>\n<ul>\n<li>Mahmoud Saleh, Helwan University, Egypt and Saint Petersburg State University, Russia<\/li>\n<\/ul>\n<p><u>Scientific Committee<\/u><\/p>\n<ul>\n<li>Konstantinos Artikis, Ionian University, Greece<\/li>\n<li>Christina Beneki, Ionian University, Greece<\/li>\n<li>Miltiadis Botsis, Ionian University, Greece<\/li>\n<li>Nikolaos Boukas, European University Cyprus, Cyprus<\/li>\n<li>Carla Pinto Cardoso, Catholic University of Portugal, Portugal<\/li>\n<li>Samantha Chaperon, University of Greenwich, United Kingdom<\/li>\n<li>Miju Choi, Leeds Beckett University, United Kingdom<\/li>\n<li>Ana Mar\u00eda Dom\u00ednguez Quintero, University of Seville, Spain<\/li>\n<li>Martin Fontanari, ISM &#8211; International School of Management, Germany<\/li>\n<li>Fernando Almeida Garc\u00eda, University of Malaga, Spain<\/li>\n<li>Alkmini Gkritzali, Ionian University, Greece<\/li>\n<li>Sotiris Hji-Avgoustis, Ball State University, United States<\/li>\n<li>Marta Jacob, University of The Balearic Islands, Spain<\/li>\n<li>Hania Janta, University of Basel, Switzerland<\/li>\n<li>Sofia Karampela, Ionian University, Greece<\/li>\n<li>Sezer Karasakal, Antalya Bilim University, Turkey<\/li>\n<li>Mihalis Kavaratzis, Manchester Metropolitan University, United Kingdom<\/li>\n<li>Panagiotis Kloutsiniotis, Ionian University, Greece<\/li>\n<li>Agisilaos Konidaris, Ionian University, Greece<\/li>\n<li>Panagiotis Kourouthanasis, Ionian University, Greece<\/li>\n<li>Panagiotis Manolitzas, Ionian University, Greece<\/li>\n<li>Bernard Musyck, University of Central Asia, Tajikistan<\/li>\n<li>Adamantia Pateli, Ionian University, Greece<\/li>\n<li>Ioannis Poulios, Ionian University, Greece<\/li>\n<li>Neil Robinson, Edge Hill University, United Kingdom<\/li>\n<li>Mahmoud Saleh, Helwan University, Egypt and Saint Petersburg State University, Russia<\/li>\n<li>Markus Schuckert, University of New Hampshire, United States<\/li>\n<li>Amir Shani, Ben-Gurion University of the Negev, Israel<\/li>\n<li>Erose Sthapit, Manchester Metropolitan University, United Kingdom<\/li>\n<li>Dimitrios Stylidis, University of Crete, Greece<\/li>\n<li>Anastasia Traskevich, Belarus State Economic University, Belarus<\/li>\n<li>Anna Serena Vergori, University of Salento, Italy<\/li>\n<li>Philipp Wassler, University of Bergamo, Italy<\/li>\n<li>Micha\u0142 \u017bem\u0142a, Jagiellonian University, Poland<\/li>\n<\/ul>\n<p><u>Organizing Committee<\/u><\/p>\n<ul>\n<li>Konstantinos Andriotis, Middlesex University London, United Kingdom<\/li>\n<li>Konstantinos Artikis, Ionian University, Greece<\/li>\n<li>Christina Beneki, Ionian University, Greece<\/li>\n<li>Miltiadis Botsis, Ionian University, Greece<\/li>\n<li>Alkmini Gkritzali, Ionian University, Greece<\/li>\n<li>Sofia Karampela, Ionian University, Greece<\/li>\n<li>Agisilaos Konidaris, Ionian University, Greece<\/li>\n<li>Panagiotis Kloutsiniotis, Ionian University, Greece<\/li>\n<li>Panagiotis Manolitzas, Ionian University, Greece<\/li>\n<li>Pavlos Paraskevaidis, Agricultural University of Athens, Greece<\/li>\n<li>Ioannis Poulios, Ionian University, Greece<\/li>\n<li>Savvas Sakkadas, Cyprus University of Technology, Cyprus<\/li>\n<li>Konstantinos Voglis, Ionian University, Greece<\/li>\n<\/ul>\n","protected":false},"excerpt":{"rendered":"<p>Chair Konstantinos Andriotis, Middlesex University London, UK Naoum Mylonas, Ionian University, Greece Vice-Chair Konstantinos Voglis, Ionian University, Greece Social Media Administrator Mahmoud Saleh, Helwan University, Egypt and Saint Petersburg State University, Russia Scientific Committee Konstantinos Artikis, Ionian University, Greece Christina&hellip; <\/p>\n","protected":false},"author":1,"featured_media":0,"parent":0,"menu_order":0,"comment_status":"closed","ping_status":"closed","template":"","meta":{"footnotes":""},"class_list":["post-66","page","type-page","status-publish","hentry"],"_links":{"self":[{"href":"https:\/\/iatour.org\/icot2024\/wp-json\/wp\/v2\/pages\/66","targetHints":{"allow":["GET"]}}],"collection":[{"href":"https:\/\/iatour.org\/icot2024\/wp-json\/wp\/v2\/pages"}],"about":[{"href":"https:\/\/iatour.org\/icot2024\/wp-json\/wp\/v2\/types\/page"}],"author":[{"embeddable":true,"href":"https:\/\/iatour.org\/icot2024\/wp-json\/wp\/v2\/users\/1"}],"replies":[{"embeddable":true,"href":"https:\/\/iatour.org\/icot2024\/wp-json\/wp\/v2\/comments?post=66"}],"version-history":[{"count":92,"href":"https:\/\/iatour.org\/icot2024\/wp-json\/wp\/v2\/pages\/66\/revisions"}],"predecessor-version":[{"id":1596,"href":"https:\/\/iatour.org\/icot2024\/wp-json\/wp\/v2\/pages\/66\/revisions\/1596"}],"wp:attachment":[{"href":"https:\/\/iatour.org\/icot2024\/wp-json\/wp\/v2\/media?parent=66"}],"curies":[{"name":"wp","href":"https:\/\/api.w.org\/{rel}","templated":true}]}}