{"id":289,"date":"2018-01-23T15:18:22","date_gmt":"2018-01-23T15:18:22","guid":{"rendered":"https:\/\/iatour.org\/?page_id=289"},"modified":"2024-05-10T04:33:05","modified_gmt":"2024-05-10T04:33:05","slug":"approved-special-sessions","status":"publish","type":"page","link":"https:\/\/iatour.org\/icot2024\/special-sessions\/approved-special-sessions\/","title":{"rendered":"Approved Special Sessions"},"content":{"rendered":"<p><strong>SPECIAL SESSION 1:<\/strong><br \/>\n<a href=\"https:\/\/iatour.org\/icot2024\/wp-content\/uploads\/2023\/12\/Special-Session-1-XR-and-Metaverse-Applications-in-Transforming-Tourism-Events-and-Cultural-Heritage-Experiences.pdf\">XR and Metaverse Applications in Transforming Tourism, Events, and Cultural Heritage Experiences<\/a><\/p>\n<p><em>Organized by:<\/em><br \/>\nDr Mujde Bideci, Canterbury Christ Church University, UK<\/p>\n<p><strong>SPECIAL SESSION 2:<\/strong><br \/>\n<a href=\"https:\/\/iatour.org\/icot2024\/wp-content\/uploads\/2024\/02\/Special-Session-2.pdf\">Wellness Tourism and Sustainable Development Synergies<\/a><\/p>\n<p><em>Organized by:<\/em><br \/>\nJoana A. Quintela, Portucalense University, Portugal<br \/>\nD\u00e1lia Liberato, Polytechnic Institute of Porto, Portugal<br \/>\nPedro Liberato, Polytechnic Institute of Porto, Portugal<br \/>\nJoaquim Antunes, Polytechnic Institute of Viseu, Portugal<\/p>\n<p><strong>SPECIAL SESSION 3:<\/strong><br \/>\n<a href=\"https:\/\/iatour.org\/icot2024\/wp-content\/uploads\/2024\/02\/Special-Session-3-Corporate-network-and-destination-resilience.pdf\">Corporate, Network and Destination Resilience<\/a><\/p>\n<p><em>Organized by:<\/em><br \/>\nMartin Fontanari, International School of Management, Germany<br \/>\nAnastasia Traskevich, Belarusian State Economic University, Belarus<\/p>\n<p><strong>SPECIAL SESSION 4:<\/strong><\/p>\n<p><a href=\"https:\/\/iatour.org\/icot2024\/wp-content\/uploads\/2024\/03\/Special-Session-4-Mainstreaming-sustainability-and-awareness-into-travel-choices.pdf\">Mainstreaming Sustainability and Awareness into Travel Choices<\/a><\/p>\n<p><em>Organized by:<\/em><\/p>\n<p>\u00c1gnes Csisz\u00e1rik-Kocsir &amp; J\u00e1nos Varga, \u00d3buda University<\/p>\n<p><strong>SPECIAL SESSION 5: <\/strong><\/p>\n<p><a href=\"https:\/\/iatour.org\/icot2024\/wp-content\/uploads\/2024\/04\/Special-Session-5.pdf\">Charting the Future of Tourism: Creativity, Innovation, and Sustainability<\/a><\/p>\n<p><em>Organized by:<\/em><\/p>\n<p>Fabiana Faxina, Federal Institute of Education, Science and Technology of Sergipe (IFS), Brazil<\/p>\n<p>Janaina Cardoso de Mello, Federal University of Sergipe (UFS) , Brazil<\/p>\n<p><strong>SPECIAL SESSION 6: <\/strong><\/p>\n<p><a href=\"https:\/\/iatour.org\/icot2024\/wp-content\/uploads\/2024\/04\/Special-Session-6-Transformation-Management-in-Tourism-Organizations.pdf\">Transformation Management in Tourism Organizations<\/a><\/p>\n<p><em>Organized by:<\/em><\/p>\n<p>Francisco J Navarro-Meneses, Nebrija University<\/p>\n<p><strong>SPECIAL SESSION 7: <\/strong><\/p>\n<p><a href=\"https:\/\/iatour.org\/icot2024\/wp-content\/uploads\/2024\/05\/Special-Session-7.pdf\">Tourism Policy Making and Urban Planning in Coastal Area<\/a><\/p>\n<p><em>Organized by:<\/em><\/p>\n<p>Emily Bereskin, Technical University of Cottbus, Germany<\/p>\n","protected":false},"excerpt":{"rendered":"<p>SPECIAL SESSION 1: XR and Metaverse Applications in Transforming Tourism, Events, and Cultural Heritage Experiences Organized by: Dr Mujde Bideci, Canterbury Christ Church University, UK SPECIAL SESSION 2: Wellness Tourism and Sustainable Development Synergies Organized by: Joana A. Quintela, Portucalense&hellip; <\/p>\n","protected":false},"author":1,"featured_media":0,"parent":278,"menu_order":0,"comment_status":"closed","ping_status":"closed","template":"","meta":{"footnotes":""},"class_list":["post-289","page","type-page","status-publish","hentry"],"_links":{"self":[{"href":"https:\/\/iatour.org\/icot2024\/wp-json\/wp\/v2\/pages\/289","targetHints":{"allow":["GET"]}}],"collection":[{"href":"https:\/\/iatour.org\/icot2024\/wp-json\/wp\/v2\/pages"}],"about":[{"href":"https:\/\/iatour.org\/icot2024\/wp-json\/wp\/v2\/types\/page"}],"author":[{"embeddable":true,"href":"https:\/\/iatour.org\/icot2024\/wp-json\/wp\/v2\/users\/1"}],"replies":[{"embeddable":true,"href":"https:\/\/iatour.org\/icot2024\/wp-json\/wp\/v2\/comments?post=289"}],"version-history":[{"count":66,"href":"https:\/\/iatour.org\/icot2024\/wp-json\/wp\/v2\/pages\/289\/revisions"}],"predecessor-version":[{"id":1532,"href":"https:\/\/iatour.org\/icot2024\/wp-json\/wp\/v2\/pages\/289\/revisions\/1532"}],"up":[{"embeddable":true,"href":"https:\/\/iatour.org\/icot2024\/wp-json\/wp\/v2\/pages\/278"}],"wp:attachment":[{"href":"https:\/\/iatour.org\/icot2024\/wp-json\/wp\/v2\/media?parent=289"}],"curies":[{"name":"wp","href":"https:\/\/api.w.org\/{rel}","templated":true}]}}